{"id":3744,"date":"2023-12-08T13:53:53","date_gmt":"2023-12-08T12:53:53","guid":{"rendered":"https:\/\/www.acupuncture-vietnam.com\/wdp\/?page_id=3744"},"modified":"2023-12-12T10:24:47","modified_gmt":"2023-12-12T09:24:47","slug":"nos-services","status":"publish","type":"page","link":"https:\/\/www.acupuncture-vietnam.com\/wdp\/nos-services\/","title":{"rendered":"Nos services"},"content":{"rendered":"<section class=\"wpb-content-wrapper\"><p>[vc_row][vc_column][vc_column_text]<\/p>\n<ul>\n<li><strong>Acupuncture Traditionnelle<\/strong> : Techniques classiques pour soulager la douleur, r\u00e9duire le stress et am\u00e9liorer la sant\u00e9 g\u00e9n\u00e9rale.<\/li>\n<li><strong>Acupressure et Moxibustion<\/strong> : Stimulation des points d&#8217;acupuncture sans aiguilles pour un traitement doux et efficace.<\/li>\n<li><strong>Th\u00e9rapie par les Ventouses<\/strong> : M\u00e9thode ancienne pour am\u00e9liorer la circulation sanguine et promouvoir la relaxation.<\/li>\n<\/ul>\n<p>[\/vc_column_text][\/vc_column][\/vc_row]<\/p>\n<\/section>","protected":false},"excerpt":{"rendered":"<p>[vc_row][vc_column][vc_column_text] Acupuncture Traditionnelle : Techniques classiques pour soulager la douleur, r\u00e9duire le stress et am\u00e9liorer la sant\u00e9 g\u00e9n\u00e9rale. Acupressure et Moxibustion : Stimulation des points d&#8217;acupuncture sans aiguilles pour un&hellip; <a class=\"more-link\" href=\"https:\/\/www.acupuncture-vietnam.com\/wdp\/nos-services\/\">Poursuivre la lecture <span class=\"screen-reader-text\">Nos services<\/span><\/a><\/p>\n","protected":false},"author":1,"featured_media":0,"parent":0,"menu_order":0,"comment_status":"closed","ping_status":"closed","template":"","meta":{"footnotes":""},"class_list":["post-3744","page","type-page","status-publish","hentry","entry"],"_links":{"self":[{"href":"https:\/\/www.acupuncture-vietnam.com\/wdp\/wp-json\/wp\/v2\/pages\/3744","targetHints":{"allow":["GET"]}}],"collection":[{"href":"https:\/\/www.acupuncture-vietnam.com\/wdp\/wp-json\/wp\/v2\/pages"}],"about":[{"href":"https:\/\/www.acupuncture-vietnam.com\/wdp\/wp-json\/wp\/v2\/types\/page"}],"author":[{"embeddable":true,"href":"https:\/\/www.acupuncture-vietnam.com\/wdp\/wp-json\/wp\/v2\/users\/1"}],"replies":[{"embeddable":true,"href":"https:\/\/www.acupuncture-vietnam.com\/wdp\/wp-json\/wp\/v2\/comments?post=3744"}],"version-history":[{"count":12,"href":"https:\/\/www.acupuncture-vietnam.com\/wdp\/wp-json\/wp\/v2\/pages\/3744\/revisions"}],"predecessor-version":[{"id":3785,"href":"https:\/\/www.acupuncture-vietnam.com\/wdp\/wp-json\/wp\/v2\/pages\/3744\/revisions\/3785"}],"wp:attachment":[{"href":"https:\/\/www.acupuncture-vietnam.com\/wdp\/wp-json\/wp\/v2\/media?parent=3744"}],"curies":[{"name":"wp","href":"https:\/\/api.w.org\/{rel}","templated":true}]}}