{"id":3703,"date":"2023-08-22T15:21:28","date_gmt":"2023-08-22T13:21:28","guid":{"rendered":"https:\/\/www.acupuncture-vietnam.com\/wdp\/?page_id=3703"},"modified":"2023-12-12T10:19:53","modified_gmt":"2023-12-12T09:19:53","slug":"en-construction-rendez-vous-en-septembre-2023","status":"publish","type":"page","link":"https:\/\/www.acupuncture-vietnam.com\/wdp\/","title":{"rendered":"Sans titre"},"content":{"rendered":"<section class=\"wpb-content-wrapper\"><p>[vc_row][vc_column][vc_column_text]<\/p>\n<div class=\"wp-block-themepunch-revslider revslider\" data-modal=\"false\" data-slidertitle=\"Home 1\" style=\"\"><p>[\/vc_column_text][\/vc_column][\/vc_row]\n\t\t\t<!-- START Home 1 REVOLUTION SLIDER 6.6.12 --><p class=\"rs-p-wp-fix\"><\/p>\n\t\t\t<rs-module-wrap id=\"rev_slider_1_1_wrapper\" data-source=\"gallery\" style=\"visibility:hidden;background:transparent;padding:0;margin:0px auto;margin-top:0;margin-bottom:0;\">\n\t\t\t\t<rs-module id=\"rev_slider_1_1\" style=\"\" data-version=\"6.6.12\">\n\t\t\t\t\t<rs-slides style=\"overflow: hidden; position: absolute;\">\n\t\t\t\t\t\t<rs-slide style=\"position: absolute;\" data-key=\"rs-1\" data-title=\"Slide\" data-thumb=\"\/\/www.acupuncture-vietnam.com\/wdp\/wp-content\/uploads\/2023\/08\/up_16702066972502323_0-1-100x50.jpeg\" data-anim=\"adpr:false;\" data-in=\"o:0;\" data-out=\"a:false;\">\n\t\t\t\t\t\t\t<img decoding=\"async\" src=\"\/\/www.acupuncture-vietnam.com\/wdp\/wp-content\/plugins\/revslider\/public\/assets\/assets\/dummy.png\" alt=\"\" title=\"up_16702066972502323_0\" width=\"1569\" height=\"937\" class=\"rev-slidebg tp-rs-img rs-lazyload\" data-lazyload=\"\/\/www.acupuncture-vietnam.com\/wdp\/wp-content\/uploads\/2023\/08\/up_16702066972502323_0-1.jpeg\" data-panzoom=\"d:10000;ss:100;se:103;os:-20\/-10;oe:20\/10;\" data-no-retina>\n<!--\n\t\t\t\t\t\t\t--><rs-layer\n\t\t\t\t\t\t\t\tid=\"slider-1-slide-1-layer-1\" \n\t\t\t\t\t\t\t\tclass=\"home-subtitle\"\n\t\t\t\t\t\t\t\tdata-type=\"text\"\n\t\t\t\t\t\t\t\tdata-color=\"#ffffff\"\n\t\t\t\t\t\t\t\tdata-rsp_ch=\"on\"\n\t\t\t\t\t\t\t\tdata-xy=\"x:38px;y:c;yo:-192px;\"\n\t\t\t\t\t\t\t\tdata-text=\"s:30;l:36;a:inherit;\"\n\t\t\t\t\t\t\t\tdata-wrpcls=\"home-subtitle-wrap\"\n\t\t\t\t\t\t\t\tdata-frame_0=\"x:50px;\"\n\t\t\t\t\t\t\t\tdata-frame_1=\"st:500;sp:1200;sR:500;\"\n\t\t\t\t\t\t\t\tdata-frame_999=\"o:0;st:w;sR:7300;\"\n\t\t\t\t\t\t\t\tstyle=\"z-index:5;font-family:'Montserrat';\"\n\t\t\t\t\t\t\t>Bienvenue \n\t\t\t\t\t\t\t<\/rs-layer><!--\n\n\t\t\t\t\t\t\t--><rs-layer\n\t\t\t\t\t\t\t\tid=\"slider-1-slide-1-layer-2\" \n\t\t\t\t\t\t\t\tclass=\"home-title\"\n\t\t\t\t\t\t\t\tdata-type=\"text\"\n\t\t\t\t\t\t\t\tdata-color=\"#ffffff\"\n\t\t\t\t\t\t\t\tdata-rsp_ch=\"on\"\n\t\t\t\t\t\t\t\tdata-xy=\"x:32px;y:c;yo:-80px;\"\n\t\t\t\t\t\t\t\tdata-text=\"s:85;l:85;a:inherit;\"\n\t\t\t\t\t\t\t\tdata-wrpcls=\"home-title-wrap\"\n\t\t\t\t\t\t\t\tdata-frame_0=\"x:50;\"\n\t\t\t\t\t\t\t\tdata-frame_1=\"st:1230;sp:1000;sR:1230;\"\n\t\t\t\t\t\t\t\tdata-frame_999=\"o:0;st:w;sR:6770;\"\n\t\t\t\t\t\t\t\tstyle=\"z-index:6;font-family:'Montserrat';\"\n\t\t\t\t\t\t\t>Acupuncture \nVietnam \n\t\t\t\t\t\t\t<\/rs-layer><!--\n\n\t\t\t\t\t\t\t--><a\n\t\t\t\t\t\t\t\tid=\"slider-1-slide-1-layer-3\" \n\t\t\t\t\t\t\t\tclass=\"rs-layer home-button rev-btn\"\n\t\t\t\t\t\t\t\thref=\"https:\/\/www.acupuncture-vietnam.com\/wdp\/appointment\/\" target=\"_self\"\n\t\t\t\t\t\t\t\tdata-type=\"button\"\n\t\t\t\t\t\t\t\tdata-color=\"#ffffff\"\n\t\t\t\t\t\t\t\tdata-xy=\"x:35px;y:c;yo:71px;\"\n\t\t\t\t\t\t\t\tdata-text=\"s:14;l:16;a:inherit;\"\n\t\t\t\t\t\t\t\tdata-wrpcls=\"home-button-wrap\"\n\t\t\t\t\t\t\t\tdata-rsp_bd=\"off\"\n\t\t\t\t\t\t\t\tdata-padding=\"t:25;r:35;b:25;l:35;\"\n\t\t\t\t\t\t\t\tdata-frame_0=\"x:50;\"\n\t\t\t\t\t\t\t\tdata-frame_1=\"st:1860;sp:1000;sR:1860;\"\n\t\t\t\t\t\t\t\tdata-frame_999=\"o:0;st:w;sR:6140;\"\n\t\t\t\t\t\t\t\tdata-frame_hover=\"c:#666572;bgc:#ffa8bd;boc:#000;bor:0px,0px,0px,0px;bos:solid;oX:50;oY:50;e:power1.inOut;\"\n\t\t\t\t\t\t\t\tstyle=\"z-index:7;background-color:#ff3a2d;font-family:'Montserrat';text-transform:uppercase;cursor:pointer;outline:none;box-shadow:none;box-sizing:border-box;-moz-box-sizing:border-box;-webkit-box-sizing:border-box;\"\n\t\t\t\t\t\t\t>Prenez rendez-vous \n\t\t\t\t\t\t\t<\/a><!--\n-->\t\t\t\t\t\t<\/rs-slide>\n\t\t\t\t\t\t<rs-slide style=\"position: absolute;\" data-key=\"rs-2\" data-title=\"Slide\" data-thumb=\"\/\/www.acupuncture-vietnam.com\/wdp\/wp-content\/uploads\/2023\/08\/moxibustion-147320515_770x533-100x50.jpg\" data-anim=\"adpr:false;\" data-in=\"o:0;\" data-out=\"a:false;\">\n\t\t\t\t\t\t\t<img decoding=\"async\" src=\"\/\/www.acupuncture-vietnam.com\/wdp\/wp-content\/plugins\/revslider\/public\/assets\/assets\/dummy.png\" alt=\"\" title=\"moxibustion-147320515_770x533\" width=\"770\" height=\"533\" class=\"rev-slidebg tp-rs-img rs-lazyload\" data-lazyload=\"\/\/www.acupuncture-vietnam.com\/wdp\/wp-content\/uploads\/2023\/08\/moxibustion-147320515_770x533.jpg\" data-panzoom=\"d:10000;ss:100;se:103;os:-20\/-10;oe:20\/10;\" data-no-retina>\n<!--\n\t\t\t\t\t\t\t--><rs-layer\n\t\t\t\t\t\t\t\tid=\"slider-1-slide-2-layer-1\" \n\t\t\t\t\t\t\t\tclass=\"home-subtitle\"\n\t\t\t\t\t\t\t\tdata-type=\"text\"\n\t\t\t\t\t\t\t\tdata-color=\"#ffffff\"\n\t\t\t\t\t\t\t\tdata-rsp_ch=\"on\"\n\t\t\t\t\t\t\t\tdata-xy=\"x:41px;y:c;yo:-193px;\"\n\t\t\t\t\t\t\t\tdata-text=\"s:30;l:36;a:inherit;\"\n\t\t\t\t\t\t\t\tdata-wrpcls=\"home-subtitle-wrap\"\n\t\t\t\t\t\t\t\tdata-frame_0=\"x:50px;\"\n\t\t\t\t\t\t\t\tdata-frame_1=\"st:500;sp:1200;sR:500;\"\n\t\t\t\t\t\t\t\tdata-frame_999=\"o:0;st:w;sR:7300;\"\n\t\t\t\t\t\t\t\tstyle=\"z-index:5;font-family:'Montserrat';\"\n\t\t\t\t\t\t\t>D\u00e9couvrez la MTC \n\t\t\t\t\t\t\t<\/rs-layer><!--\n\n\t\t\t\t\t\t\t--><rs-layer\n\t\t\t\t\t\t\t\tid=\"slider-1-slide-2-layer-2\" \n\t\t\t\t\t\t\t\tclass=\"home-title\"\n\t\t\t\t\t\t\t\tdata-type=\"text\"\n\t\t\t\t\t\t\t\tdata-color=\"#ffffff\"\n\t\t\t\t\t\t\t\tdata-rsp_ch=\"on\"\n\t\t\t\t\t\t\t\tdata-xy=\"x:32px;y:c;yo:-80px;\"\n\t\t\t\t\t\t\t\tdata-text=\"s:85;l:85;a:inherit;\"\n\t\t\t\t\t\t\t\tdata-wrpcls=\"home-title-wrap\"\n\t\t\t\t\t\t\t\tdata-frame_0=\"x:50;\"\n\t\t\t\t\t\t\t\tdata-frame_1=\"st:1240;sp:1000;\"\n\t\t\t\t\t\t\t\tdata-frame_999=\"o:0;st:w;sR:6560;\"\n\t\t\t\t\t\t\t\tstyle=\"z-index:6;font-family:'Montserrat';\"\n\t\t\t\t\t\t\t>Energie et <br>bien \u00eatre \n\t\t\t\t\t\t\t<\/rs-layer><!--\n\n\t\t\t\t\t\t\t--><a\n\t\t\t\t\t\t\t\tid=\"slider-1-slide-2-layer-3\" \n\t\t\t\t\t\t\t\tclass=\"rs-layer home-button rev-btn\"\n\t\t\t\t\t\t\t\thref=\"\/appointment\/\" target=\"_self\"\n\t\t\t\t\t\t\t\tdata-type=\"button\"\n\t\t\t\t\t\t\t\tdata-color=\"#ffffff\"\n\t\t\t\t\t\t\t\tdata-xy=\"x:35px;y:c;yo:71px;\"\n\t\t\t\t\t\t\t\tdata-text=\"s:14;l:16;a:inherit;\"\n\t\t\t\t\t\t\t\tdata-wrpcls=\"home-button-wrap\"\n\t\t\t\t\t\t\t\tdata-rsp_bd=\"off\"\n\t\t\t\t\t\t\t\tdata-padding=\"t:25;r:35;b:25;l:35;\"\n\t\t\t\t\t\t\t\tdata-frame_0=\"x:50;\"\n\t\t\t\t\t\t\t\tdata-frame_1=\"st:2010;sp:1000;\"\n\t\t\t\t\t\t\t\tdata-frame_999=\"o:0;st:w;sR:5790;\"\n\t\t\t\t\t\t\t\tdata-frame_hover=\"c:#666572;bgc:#ffa8bd;boc:#000;bor:0px,0px,0px,0px;bos:solid;oX:50;oY:50;e:power1.inOut;\"\n\t\t\t\t\t\t\t\tstyle=\"z-index:7;background-color:#ff3a2d;font-family:'Montserrat';text-transform:uppercase;cursor:pointer;outline:none;box-shadow:none;box-sizing:border-box;-moz-box-sizing:border-box;-webkit-box-sizing:border-box;\"\n\t\t\t\t\t\t\t>Prenez rendez-vous \n\t\t\t\t\t\t\t<\/a><!--\n-->\t\t\t\t\t\t<\/rs-slide>\n\t\t\t\t\t\t<rs-slide style=\"position: absolute;\" data-key=\"rs-3\" data-title=\"Slide\" data-thumb=\"\/\/www.acupuncture-vietnam.com\/wdp\/wp-content\/uploads\/2023\/08\/seance-acupuncture-100x50.jpg\" data-anim=\"adpr:false;\" data-in=\"o:0;\" data-out=\"a:false;\">\n\t\t\t\t\t\t\t<img decoding=\"async\" src=\"\/\/www.acupuncture-vietnam.com\/wdp\/wp-content\/plugins\/revslider\/public\/assets\/assets\/dummy.png\" alt=\"\" title=\"seance-acupuncture\" width=\"1000\" height=\"667\" class=\"rev-slidebg tp-rs-img rs-lazyload\" data-lazyload=\"\/\/www.acupuncture-vietnam.com\/wdp\/wp-content\/uploads\/2023\/08\/seance-acupuncture.jpg\" data-panzoom=\"d:10000;ss:100;se:103;os:-20\/-10;oe:20\/10;\" data-no-retina>\n<!--\t\t\t\t\t\t--><rs-zone id=\"rrzt_3\" class=\"rev_row_zone_top\" style=\"z-index: 6;\"><!--\n\n\t\t\t\t\t\t\t\t--><rs-row\n\t\t\t\t\t\t\t\t\tid=\"slider-1-slide-3-layer-4\" \n\t\t\t\t\t\t\t\t\tdata-type=\"row\"\n\t\t\t\t\t\t\t\t\tdata-xy=\"x:50px;y:200px;\"\n\t\t\t\t\t\t\t\t\tdata-rsp_bd=\"off\"\n\t\t\t\t\t\t\t\t\tdata-padding=\"t:10;r:10;b:10;l:10;\"\n\t\t\t\t\t\t\t\t\tdata-frame_0=\"o:1;\"\n\t\t\t\t\t\t\t\t\tdata-frame_999=\"o:0;st:w;sA:9000;\"\n\t\t\t\t\t\t\t\t\tstyle=\"z-index:6;\"\n\t\t\t\t\t\t\t\t><!--\n\t\t\t\t\t\t\t\t\t--><rs-column\n\t\t\t\t\t\t\t\t\t\tid=\"slider-1-slide-3-layer-5\" \n\t\t\t\t\t\t\t\t\t\tdata-type=\"column\"\n\t\t\t\t\t\t\t\t\t\tdata-xy=\"x:50px;y:200px;\"\n\t\t\t\t\t\t\t\t\t\tdata-rsp_bd=\"off\"\n\t\t\t\t\t\t\t\t\t\tdata-padding=\"t:10;r:10;b:10;l:10;\"\n\t\t\t\t\t\t\t\t\t\tdata-frame_0=\"o:1;\"\n\t\t\t\t\t\t\t\t\t\tdata-frame_999=\"o:0;st:w;sA:9000;\"\n\t\t\t\t\t\t\t\t\t\tstyle=\"z-index:8;width:100%;\"\n\t\t\t\t\t\t\t\t\t><!--\t\t\t\t\t\t\t\t\t--><\/rs-column><!--\n\n\t\t\t\t\t\t\t\t\t--><rs-column\n\t\t\t\t\t\t\t\t\t\tid=\"slider-1-slide-3-layer-6\" \n\t\t\t\t\t\t\t\t\t\tdata-type=\"column\"\n\t\t\t\t\t\t\t\t\t\tdata-xy=\"x:50px;y:200px;\"\n\t\t\t\t\t\t\t\t\t\tdata-rsp_bd=\"off\"\n\t\t\t\t\t\t\t\t\t\tdata-column=\"w:66.67%;\"\n\t\t\t\t\t\t\t\t\t\tdata-padding=\"t:10;r:10;b:10;l:10;\"\n\t\t\t\t\t\t\t\t\t\tdata-frame_0=\"o:1;\"\n\t\t\t\t\t\t\t\t\t\tdata-frame_999=\"o:0;st:w;sA:9000;\"\n\t\t\t\t\t\t\t\t\t\tstyle=\"z-index:7;width:100%;\"\n\t\t\t\t\t\t\t\t\t><!--\t\t\t\t\t\t\t\t\t--><\/rs-column><!--\n\t\t\t\t\t\t\t\t--><\/rs-row><!--\n\t\t\t\t\t\t\t--><\/rs-zone><!--\n\n\t\t\t\t\t\t\t--><rs-layer\n\t\t\t\t\t\t\t\tid=\"slider-1-slide-3-layer-1\" \n\t\t\t\t\t\t\t\tclass=\"home-subtitle\"\n\t\t\t\t\t\t\t\tdata-type=\"text\"\n\t\t\t\t\t\t\t\tdata-color=\"#ffffff\"\n\t\t\t\t\t\t\t\tdata-rsp_ch=\"on\"\n\t\t\t\t\t\t\t\tdata-xy=\"x:41px;y:c;yo:-193px;\"\n\t\t\t\t\t\t\t\tdata-text=\"s:30;l:36;a:inherit;\"\n\t\t\t\t\t\t\t\tdata-wrpcls=\"home-subtitle-wrap\"\n\t\t\t\t\t\t\t\tdata-frame_0=\"x:50px;\"\n\t\t\t\t\t\t\t\tdata-frame_1=\"st:500;sp:1200;sR:500;\"\n\t\t\t\t\t\t\t\tdata-frame_999=\"o:0;st:w;sR:7300;\"\n\t\t\t\t\t\t\t\tstyle=\"z-index:7;font-family:'Montserrat';\"\n\t\t\t\t\t\t\t>D\u00e9couvrez la MTC\n \n\t\t\t\t\t\t\t<\/rs-layer><!--\n\n\t\t\t\t\t\t\t--><rs-layer\n\t\t\t\t\t\t\t\tid=\"slider-1-slide-3-layer-2\" \n\t\t\t\t\t\t\t\tclass=\"home-title\"\n\t\t\t\t\t\t\t\tdata-type=\"text\"\n\t\t\t\t\t\t\t\tdata-color=\"#ffffff\"\n\t\t\t\t\t\t\t\tdata-rsp_ch=\"on\"\n\t\t\t\t\t\t\t\tdata-xy=\"x:32px;y:c;yo:-80px;\"\n\t\t\t\t\t\t\t\tdata-text=\"s:85;l:85;a:inherit;\"\n\t\t\t\t\t\t\t\tdata-wrpcls=\"home-title-wrap\"\n\t\t\t\t\t\t\t\tdata-frame_0=\"x:50;\"\n\t\t\t\t\t\t\t\tdata-frame_1=\"st:1230;sp:1000;sR:1230;\"\n\t\t\t\t\t\t\t\tdata-frame_999=\"o:0;st:w;sR:6770;\"\n\t\t\t\t\t\t\t\tstyle=\"z-index:8;font-family:'Montserrat';\"\n\t\t\t\t\t\t\t>Acupuncture \n\t\t\t\t\t\t\t<\/rs-layer><!--\n\n\t\t\t\t\t\t\t--><a\n\t\t\t\t\t\t\t\tid=\"slider-1-slide-3-layer-3\" \n\t\t\t\t\t\t\t\tclass=\"rs-layer home-button rev-btn\"\n\t\t\t\t\t\t\t\thref=\"\/appointment\/\" target=\"_self\"\n\t\t\t\t\t\t\t\tdata-type=\"button\"\n\t\t\t\t\t\t\t\tdata-color=\"#ffffff\"\n\t\t\t\t\t\t\t\tdata-xy=\"x:35px;y:c;yo:71px;\"\n\t\t\t\t\t\t\t\tdata-text=\"s:14;l:16;a:inherit;\"\n\t\t\t\t\t\t\t\tdata-wrpcls=\"home-button-wrap\"\n\t\t\t\t\t\t\t\tdata-rsp_bd=\"off\"\n\t\t\t\t\t\t\t\tdata-padding=\"t:25;r:35;b:25;l:35;\"\n\t\t\t\t\t\t\t\tdata-frame_0=\"x:50;\"\n\t\t\t\t\t\t\t\tdata-frame_1=\"st:1880;sp:1000;sR:1880;\"\n\t\t\t\t\t\t\t\tdata-frame_999=\"o:0;st:w;sR:6120;\"\n\t\t\t\t\t\t\t\tdata-frame_hover=\"c:#666572;bgc:#ffa8bd;boc:#000;bor:0px,0px,0px,0px;bos:solid;oX:50;oY:50;e:power1.inOut;\"\n\t\t\t\t\t\t\t\tstyle=\"z-index:9;background-color:#ff3a2d;font-family:'Montserrat';text-transform:uppercase;cursor:pointer;outline:none;box-shadow:none;box-sizing:border-box;-moz-box-sizing:border-box;-webkit-box-sizing:border-box;\"\n\t\t\t\t\t\t\t>Prenez rendez-vous \n\t\t\t\t\t\t\t<\/a><!--\n-->\t\t\t\t\t\t<\/rs-slide>\n\t\t\t\t\t<\/rs-slides>\n\t\t\t\t<\/rs-module>\n\t\t\t\t<script>\n\t\t\t\t\tsetREVStartSize({c: 'rev_slider_1_1',rl:[1240,1024,778,480],el:[805],gw:[1240],gh:[805],type:'standard',justify:'',layout:'fullwidth',mh:\"0\"});if (window.RS_MODULES!==undefined && window.RS_MODULES.modules!==undefined && window.RS_MODULES.modules[\"revslider11\"]!==undefined) {window.RS_MODULES.modules[\"revslider11\"].once = false;window.revapi1 = undefined;if (window.RS_MODULES.checkMinimal!==undefined) window.RS_MODULES.checkMinimal()}\n\t\t\t\t<\/script>\n\t\t\t<\/rs-module-wrap>\n\t\t\t<!-- END REVOLUTION SLIDER -->\n[vc_row][vc_column][vc_column_text]<\/p>\n<p>&nbsp;<\/p>\n\n\n<div class=\"wp-block-spacer\" style=\"height: 100px;\" aria-hidden=\"true\">\u00a0<\/div>\n\n\n<p style=\"text-align: justify;\">\n    &#8220;Situ\u00e9 au c\u0153ur du Passage Saint Claire \u00e0 Grenoble, d\u00e9couvrez le cabinet d&#8217;acupuncture de Le Thi Thuy. Plongez dans l&#8217;univers apaisant de la m\u00e9decine chinoise et laissez-vous guider par une experte passionn\u00e9e. Une invitation \u00e0 l&#8217;\u00e9quilibre et au bien-\u00eatre vous attend.&#8221;\n<\/p>\n\n\n<p>&nbsp;<\/p>\n<p>[\/vc_column_text][\/vc_column][\/vc_row]<\/p>\n<\/section>","protected":false},"excerpt":{"rendered":"<p>[vc_row][vc_column][vc_column_text] &#8220;Situ\u00e9 au c\u0153ur du Passage Saint Claire \u00e0 Grenoble, d\u00e9couvrez le cabinet d&#8217;acupuncture de Le Thi Thuy. Plongez dans l&#8217;univers apaisant de la m\u00e9decine chinoise et laissez-vous guider par&hellip; <a class=\"more-link\" href=\"https:\/\/www.acupuncture-vietnam.com\/wdp\/\">Poursuivre la lecture <span class=\"screen-reader-text\">Sans titre<\/span><\/a><\/p>\n","protected":false},"author":1,"featured_media":0,"parent":0,"menu_order":0,"comment_status":"closed","ping_status":"closed","template":"","meta":{"footnotes":""},"class_list":["post-3703","page","type-page","status-publish","hentry","entry"],"_links":{"self":[{"href":"https:\/\/www.acupuncture-vietnam.com\/wdp\/wp-json\/wp\/v2\/pages\/3703","targetHints":{"allow":["GET"]}}],"collection":[{"href":"https:\/\/www.acupuncture-vietnam.com\/wdp\/wp-json\/wp\/v2\/pages"}],"about":[{"href":"https:\/\/www.acupuncture-vietnam.com\/wdp\/wp-json\/wp\/v2\/types\/page"}],"author":[{"embeddable":true,"href":"https:\/\/www.acupuncture-vietnam.com\/wdp\/wp-json\/wp\/v2\/users\/1"}],"replies":[{"embeddable":true,"href":"https:\/\/www.acupuncture-vietnam.com\/wdp\/wp-json\/wp\/v2\/comments?post=3703"}],"version-history":[{"count":30,"href":"https:\/\/www.acupuncture-vietnam.com\/wdp\/wp-json\/wp\/v2\/pages\/3703\/revisions"}],"predecessor-version":[{"id":3783,"href":"https:\/\/www.acupuncture-vietnam.com\/wdp\/wp-json\/wp\/v2\/pages\/3703\/revisions\/3783"}],"wp:attachment":[{"href":"https:\/\/www.acupuncture-vietnam.com\/wdp\/wp-json\/wp\/v2\/media?parent=3703"}],"curies":[{"name":"wp","href":"https:\/\/api.w.org\/{rel}","templated":true}]}}